{"id":2,"date":"2023-09-21T12:34:37","date_gmt":"2023-09-21T12:34:37","guid":{"rendered":"https:\/\/ipcsrl.ro\/?page_id=2"},"modified":"2023-09-21T13:55:33","modified_gmt":"2023-09-21T13:55:33","slug":"sample-page","status":"publish","type":"page","link":"https:\/\/ipcsrl.ro\/","title":{"rendered":"ACASA"},"content":{"rendered":"\n<h1 class=\"wp-block-heading\">Bine a\u021bi venit la IPC<\/h1>\n\n\n\n<p>La IPC, ne-am specializat \u00een fabricarea de vitrine frigorifice \u0219i dulapuri pentru b\u0103uturi de \u00eenalt\u0103 calitate. Oferim solu\u021bii personalizate pentru a r\u0103spunde nevoilor dvs. specifice. Descoperi\u021bi portofoliul nostru pentru a vedea produsele noastre<\/p>\n\n\n\n<figure class=\"wp-block-image size-large\"><img loading=\"lazy\" decoding=\"async\" width=\"1024\" height=\"574\" src=\"https:\/\/ipcsrl.ro\/wp-content\/uploads\/2023\/09\/adonis_a_triple-door_black_beverage_refrigerator_with_a_luminou_f5a7eb55-5186-419a-b7eb-941afab72ae3-AwvjkpvEeqiBQPGD-1024x574.webp\" alt=\"\" class=\"wp-image-11\" srcset=\"https:\/\/ipcsrl.ro\/wp-content\/uploads\/2023\/09\/adonis_a_triple-door_black_beverage_refrigerator_with_a_luminou_f5a7eb55-5186-419a-b7eb-941afab72ae3-AwvjkpvEeqiBQPGD-1024x574.webp 1024w, https:\/\/ipcsrl.ro\/wp-content\/uploads\/2023\/09\/adonis_a_triple-door_black_beverage_refrigerator_with_a_luminou_f5a7eb55-5186-419a-b7eb-941afab72ae3-AwvjkpvEeqiBQPGD-300x168.webp 300w, https:\/\/ipcsrl.ro\/wp-content\/uploads\/2023\/09\/adonis_a_triple-door_black_beverage_refrigerator_with_a_luminou_f5a7eb55-5186-419a-b7eb-941afab72ae3-AwvjkpvEeqiBQPGD-768x430.webp 768w, https:\/\/ipcsrl.ro\/wp-content\/uploads\/2023\/09\/adonis_a_triple-door_black_beverage_refrigerator_with_a_luminou_f5a7eb55-5186-419a-b7eb-941afab72ae3-AwvjkpvEeqiBQPGD.webp 1224w\" sizes=\"auto, (max-width: 1024px) 100vw, 1024px\" \/><\/figure>\n\n\n\n<div class=\"wp-block-columns is-layout-flex wp-container-core-columns-is-layout-28f84493 wp-block-columns-is-layout-flex\">\n<div class=\"wp-block-column is-layout-flow wp-block-column-is-layout-flow\">\n<figure class=\"wp-block-image size-full is-resized\"><img loading=\"lazy\" decoding=\"async\" src=\"https:\/\/ipcsrl.ro\/wp-content\/uploads\/2023\/09\/adonis_a_luxurious_bakery_filled_with_a_crowd_of_sophisticated__ba40d040-2391-42b7-a215-88c3e108027e-Y4LOJNq92JFWWb7W.webp\" alt=\"\" class=\"wp-image-13\" style=\"width:633px;height:369px\" width=\"633\" height=\"369\"\/><\/figure>\n<\/div>\n\n\n\n<div class=\"wp-block-column is-layout-flow wp-block-column-is-layout-flow\">\n<p><font _mstmutation=\"1\"><\/font><\/p>\n\n\n\n<h5 class=\"wp-block-heading\"><strong>Vitrin\u0103 frigorific\u0103<\/strong><\/h5>\n\n\n\n<p>Descoperi\u021bi gama noastr\u0103 de vitrine frigorifice de \u00eenalt\u0103 calitate, ideale pentru p\u0103strarea produselor dvs. proaspete. Alege\u021bi dintr-o varietate de dimensiuni \u0219i designuri pentru a r\u0103spunde nevoilor dvs. specifice<\/p>\n\n\n\n<div class=\"wp-block-columns is-layout-flex wp-container-core-columns-is-layout-28f84493 wp-block-columns-is-layout-flex\">\n<div class=\"wp-block-column is-layout-flow wp-block-column-is-layout-flow\"><\/div>\n\n\n\n<div class=\"wp-block-column is-layout-flow wp-block-column-is-layout-flow\"><\/div>\n<\/div>\n<\/div>\n<\/div>\n\n\n\n<div class=\"wp-block-columns is-layout-flex wp-container-core-columns-is-layout-28f84493 wp-block-columns-is-layout-flex\">\n<div class=\"wp-block-column is-layout-flow wp-block-column-is-layout-flow\">\n<p><font _mstmutation=\"1\"><\/font><\/p>\n\n\n\n<h5 class=\"wp-block-heading\"><strong>Dulap pentru b\u0103uturi<\/strong><\/h5>\n\n\n\n<p>Dulapurile noastre pentru b\u0103uturi sunt concepute pentru a men\u021bine b\u0103uturile la temperatura ideal\u0103, oferind astfel o experien\u021b\u0103 de consum r\u0103coritoare. Descoperi\u021bi selec\u021bia noastr\u0103 de modele elegante \u0219i func\u021bionale<\/p>\n<\/div>\n\n\n\n<div class=\"wp-block-column is-layout-flow wp-block-column-is-layout-flow\">\n<figure class=\"wp-block-image size-full\"><img loading=\"lazy\" decoding=\"async\" width=\"606\" height=\"340\" src=\"https:\/\/ipcsrl.ro\/wp-content\/uploads\/2023\/09\/adonis_a_690-liter_black_beverage_cabinet_sleek_and_frameless_e_ded8b9ba-99c0-4e29-86ae-28b81e052f14-Yg2L9V8L80FaRX4J.webp\" alt=\"\" class=\"wp-image-15\" srcset=\"https:\/\/ipcsrl.ro\/wp-content\/uploads\/2023\/09\/adonis_a_690-liter_black_beverage_cabinet_sleek_and_frameless_e_ded8b9ba-99c0-4e29-86ae-28b81e052f14-Yg2L9V8L80FaRX4J.webp 606w, https:\/\/ipcsrl.ro\/wp-content\/uploads\/2023\/09\/adonis_a_690-liter_black_beverage_cabinet_sleek_and_frameless_e_ded8b9ba-99c0-4e29-86ae-28b81e052f14-Yg2L9V8L80FaRX4J-300x168.webp 300w\" sizes=\"auto, (max-width: 606px) 100vw, 606px\" \/><\/figure>\n<\/div>\n<\/div>\n\n\n\n<div class=\"wp-block-columns is-layout-flex wp-container-core-columns-is-layout-28f84493 wp-block-columns-is-layout-flex\">\n<div class=\"wp-block-column is-layout-flow wp-block-column-is-layout-flow\">\n<figure class=\"wp-block-image size-full\"><img loading=\"lazy\" decoding=\"async\" width=\"606\" height=\"340\" src=\"https:\/\/ipcsrl.ro\/wp-content\/uploads\/2023\/09\/adonis_an_electa_100_refrigerated_display_case_with_rounded_ang_d5080121-b545-48c5-bdfd-bda66d06c9c5-YKb1rOaByBf2qRnj.webp\" alt=\"\" class=\"wp-image-16\" srcset=\"https:\/\/ipcsrl.ro\/wp-content\/uploads\/2023\/09\/adonis_an_electa_100_refrigerated_display_case_with_rounded_ang_d5080121-b545-48c5-bdfd-bda66d06c9c5-YKb1rOaByBf2qRnj.webp 606w, https:\/\/ipcsrl.ro\/wp-content\/uploads\/2023\/09\/adonis_an_electa_100_refrigerated_display_case_with_rounded_ang_d5080121-b545-48c5-bdfd-bda66d06c9c5-YKb1rOaByBf2qRnj-300x168.webp 300w\" sizes=\"auto, (max-width: 606px) 100vw, 606px\" \/><\/figure>\n<\/div>\n\n\n\n<div class=\"wp-block-column is-layout-flow wp-block-column-is-layout-flow\">\n<p><font _mstmutation=\"1\"><\/font><\/p>\n\n\n\n<h5 class=\"wp-block-heading\"><strong>Vitrin\u0103 frigorific\u0103 personalizat\u0103<\/strong><\/h5>\n\n\n\n<p>Ave\u021bi nevoie de o vitrin\u0103 frigorific\u0103 personalizat\u0103 pentru afacerea dvs.? Ne-am specializat \u00een proiectarea \u0219i fabricarea de vitrine frigorifice personalizate pentru a r\u0103spunde nevoilor dvs. specifice<\/p>\n<\/div>\n<\/div>\n\n\n\n<div class=\"wp-block-columns is-layout-flex wp-container-core-columns-is-layout-28f84493 wp-block-columns-is-layout-flex\">\n<div class=\"wp-block-column is-layout-flow wp-block-column-is-layout-flow\">\n<p><font _mstmutation=\"1\"><\/font><\/p>\n\n\n\n<h5 class=\"wp-block-heading\"><strong>Dulap pentru b\u0103uturi compact<\/strong><\/h5>\n\n\n\n<p>Dulapurile noastre pentru b\u0103uturi compacte sunt perfecte pentru spa\u021bii restr\u00e2nse, oferind \u00een acela\u0219i timp o capacitate de stocare optim\u0103. Descoperi\u021bi gama noastr\u0103 de modele compacte \u0219i func\u021bionale<\/p>\n<\/div>\n\n\n\n<div class=\"wp-block-column is-layout-flow wp-block-column-is-layout-flow\">\n<figure class=\"wp-block-image size-full\"><img loading=\"lazy\" decoding=\"async\" width=\"612\" height=\"343\" src=\"https:\/\/ipcsrl.ro\/wp-content\/uploads\/2023\/09\/adonis_a_690-liter_black_beverage_cabinet_situated_in_an_upscal_c73d9678-2ea3-4172-8d8c-73478225f39d-m2WBQzyNobSpJRrA.webp\" alt=\"\" class=\"wp-image-17\" srcset=\"https:\/\/ipcsrl.ro\/wp-content\/uploads\/2023\/09\/adonis_a_690-liter_black_beverage_cabinet_situated_in_an_upscal_c73d9678-2ea3-4172-8d8c-73478225f39d-m2WBQzyNobSpJRrA.webp 612w, https:\/\/ipcsrl.ro\/wp-content\/uploads\/2023\/09\/adonis_a_690-liter_black_beverage_cabinet_situated_in_an_upscal_c73d9678-2ea3-4172-8d8c-73478225f39d-m2WBQzyNobSpJRrA-300x168.webp 300w\" sizes=\"auto, (max-width: 612px) 100vw, 612px\" \/><\/figure>\n<\/div>\n<\/div>\n\n\n\n<div class=\"wp-block-columns is-layout-flex wp-container-core-columns-is-layout-28f84493 wp-block-columns-is-layout-flex\">\n<div class=\"wp-block-column is-layout-flow wp-block-column-is-layout-flow\">\n<figure class=\"wp-block-image size-full\"><img loading=\"lazy\" decoding=\"async\" width=\"606\" height=\"340\" src=\"https:\/\/ipcsrl.ro\/wp-content\/uploads\/2023\/09\/adonis_a_luxurious_bakery_filled_with_a_crowd_of_sophisticated__d9ead6ed-d064-4773-b2ef-aa1312f5c846-AGBM4ZOO03Uw71Zp.webp\" alt=\"\" class=\"wp-image-18\" srcset=\"https:\/\/ipcsrl.ro\/wp-content\/uploads\/2023\/09\/adonis_a_luxurious_bakery_filled_with_a_crowd_of_sophisticated__d9ead6ed-d064-4773-b2ef-aa1312f5c846-AGBM4ZOO03Uw71Zp.webp 606w, https:\/\/ipcsrl.ro\/wp-content\/uploads\/2023\/09\/adonis_a_luxurious_bakery_filled_with_a_crowd_of_sophisticated__d9ead6ed-d064-4773-b2ef-aa1312f5c846-AGBM4ZOO03Uw71Zp-300x168.webp 300w\" sizes=\"auto, (max-width: 606px) 100vw, 606px\" \/><\/figure>\n<\/div>\n\n\n\n<div class=\"wp-block-column is-layout-flow wp-block-column-is-layout-flow\">\n<p><font _mstmutation=\"1\"><\/font><\/p>\n\n\n\n<h5 class=\"wp-block-heading\"><strong>Vitrin\u0103 frigorific\u0103 cu u\u0219\u0103 glisant\u0103<\/strong><\/h5>\n\n\n\n<p>Optimiza\u021bi spa\u021biul magazinului dvs. cu vitrinele noastre frigorifice cu u\u0219i glisante. Acestea ofer\u0103 o vizibilitate excelent\u0103 a produselor, economisind \u00een acela\u0219i timp spa\u021biu. Descoperi\u021bi selec\u021bia noastr\u0103 de modele moderne \u0219i practice<\/p>\n<\/div>\n<\/div>\n\n\n\n<div class=\"wp-block-columns is-layout-flex wp-container-core-columns-is-layout-28f84493 wp-block-columns-is-layout-flex\">\n<div class=\"wp-block-column is-layout-flow wp-block-column-is-layout-flow\">\n<p><strong>Dulap pentru b\u0103uturi eficient din punct de vedere energetic<\/strong><font _mstmutation=\"1\"><\/font><\/p>\n\n\n\n<p><font _mstmutation=\"1\" _msttexthash=\"46069439\" _msthash=\"3983\">R\u00e9duisez la consommation d\u2019\u00e9nergie tout en maintenant les boissons \u00e0 la temp\u00e9rature id\u00e9ale gr\u00e2ce \u00e0 nos armoires \u00e0 boissons \u00e9co\u00e9nerg\u00e9tiques. D\u00e9couvrez notre gamme de mod\u00e8les respectueux de l\u2019environnement<\/font><\/p>\n<\/div>\n\n\n\n<div class=\"wp-block-column is-layout-flow wp-block-column-is-layout-flow\">\n<figure class=\"wp-block-image size-full\"><img loading=\"lazy\" decoding=\"async\" width=\"606\" height=\"340\" src=\"https:\/\/ipcsrl.ro\/wp-content\/uploads\/2023\/09\/adonis_a_triple-door_black_beverage_refrigerator_with_a_luminou_11a9f950-67ed-49fc-a977-0e0081042061-Aq2eoppjajspzDb9.webp\" alt=\"\" class=\"wp-image-20\" srcset=\"https:\/\/ipcsrl.ro\/wp-content\/uploads\/2023\/09\/adonis_a_triple-door_black_beverage_refrigerator_with_a_luminou_11a9f950-67ed-49fc-a977-0e0081042061-Aq2eoppjajspzDb9.webp 606w, https:\/\/ipcsrl.ro\/wp-content\/uploads\/2023\/09\/adonis_a_triple-door_black_beverage_refrigerator_with_a_luminou_11a9f950-67ed-49fc-a977-0e0081042061-Aq2eoppjajspzDb9-300x168.webp 300w\" sizes=\"auto, (max-width: 606px) 100vw, 606px\" \/><\/figure>\n<\/div>\n<\/div>\n\n\n\n<div class=\"wp-block-media-text is-stacked-on-mobile has-palette-color-6-color has-text-color has-background has-medium-font-size\" style=\"background-color:#cabf9c;padding-right:0;padding-left:0\"><figure class=\"wp-block-media-text__media\"><img loading=\"lazy\" decoding=\"async\" width=\"400\" height=\"528\" src=\"https:\/\/ipcsrl.ro\/wp-content\/uploads\/2023\/09\/photo-1679927006079-29bde1faeae3.webp\" alt=\"\" class=\"wp-image-26 size-full\" srcset=\"https:\/\/ipcsrl.ro\/wp-content\/uploads\/2023\/09\/photo-1679927006079-29bde1faeae3.webp 400w, https:\/\/ipcsrl.ro\/wp-content\/uploads\/2023\/09\/photo-1679927006079-29bde1faeae3-227x300.webp 227w\" sizes=\"auto, (max-width: 400px) 100vw, 400px\" \/><\/figure><div class=\"wp-block-media-text__content\">\n<p>Despre Noi<\/p>\n\n\n\n<p>La IPC, ne-am specializat \u00een fabricarea de vitrine frigorifice \u0219i dulapuri pentru b\u0103uturi de \u00eenalt\u0103 calitate. Oferim solu\u021bii personalizate pentru a r\u0103spunde nevoilor dvs. specifice. Descoperi\u021bi portofoliul nostru pentru a vedea produsele noastre.<\/p>\n<\/div><\/div>\n\n\n\n<div class=\"wp-block-columns is-layout-flex wp-container-core-columns-is-layout-28f84493 wp-block-columns-is-layout-flex\">\n<div class=\"wp-block-column is-layout-flow wp-block-column-is-layout-flow\">\n<h2 class=\"wp-block-heading\"><strong _msttexthash=\"255125\" _msthash=\"1522\"><strong>Contacta\u021bi-ne<\/strong><\/strong><\/h2>\n\n\n\n<p>Suntem aici pentru a r\u0103spunde la toate \u00eentreb\u0103rile dvs<\/p>\n\n\n\n<p><font _mstmutation=\"1\"><\/font>contact@ipcsrl.ro<\/p>\n\n\n\n<h2 class=\"wp-block-heading\"><font _mstmutation=\"1\"><\/font><\/h2>\n<\/div>\n\n\n\n<div class=\"wp-block-column is-layout-flow wp-block-column-is-layout-flow\">\n<p><font _mstmutation=\"1\"><\/font>\n<div class=\"wpcf7 no-js\" id=\"wpcf7-f36-o1\" lang=\"ro-RO\" dir=\"ltr\">\n<div class=\"screen-reader-response\"><p role=\"status\" aria-live=\"polite\" aria-atomic=\"true\"><\/p> <ul><\/ul><\/div>\n<form action=\"\/index.php\/wp-json\/wp\/v2\/pages\/2#wpcf7-f36-o1\" method=\"post\" class=\"wpcf7-form init\" aria-label=\"Formular de contact\" novalidate=\"novalidate\" data-status=\"init\">\n<div style=\"display: none;\">\n<input type=\"hidden\" name=\"_wpcf7\" value=\"36\" \/>\n<input type=\"hidden\" name=\"_wpcf7_version\" value=\"5.8\" \/>\n<input type=\"hidden\" name=\"_wpcf7_locale\" value=\"ro_RO\" \/>\n<input type=\"hidden\" name=\"_wpcf7_unit_tag\" value=\"wpcf7-f36-o1\" \/>\n<input type=\"hidden\" name=\"_wpcf7_container_post\" value=\"0\" \/>\n<input type=\"hidden\" name=\"_wpcf7_posted_data_hash\" value=\"\" \/>\n<\/div>\n<p><label> Numele t\u0103u<br \/>\n<span class=\"wpcf7-form-control-wrap\" data-name=\"your-name\"><input size=\"40\" class=\"wpcf7-form-control wpcf7-text wpcf7-validates-as-required\" autocomplete=\"name\" aria-required=\"true\" aria-invalid=\"false\" value=\"\" type=\"text\" name=\"your-name\" \/><\/span> <\/label>\n<\/p>\n<p><label> Adresa ta de email<br \/>\n<span class=\"wpcf7-form-control-wrap\" data-name=\"your-email\"><input size=\"40\" class=\"wpcf7-form-control wpcf7-email wpcf7-validates-as-required wpcf7-text wpcf7-validates-as-email\" autocomplete=\"email\" aria-required=\"true\" aria-invalid=\"false\" value=\"\" type=\"email\" name=\"your-email\" \/><\/span> <\/label>\n<\/p>\n<p><label> Subiect<br \/>\n<span class=\"wpcf7-form-control-wrap\" data-name=\"your-subject\"><input size=\"40\" class=\"wpcf7-form-control wpcf7-text wpcf7-validates-as-required\" aria-required=\"true\" aria-invalid=\"false\" value=\"\" type=\"text\" name=\"your-subject\" \/><\/span> <\/label>\n<\/p>\n<p><label> Mesajul t\u0103u (op\u021bional)<br \/>\n<span class=\"wpcf7-form-control-wrap\" data-name=\"your-message\"><textarea cols=\"40\" rows=\"10\" class=\"wpcf7-form-control wpcf7-textarea\" aria-invalid=\"false\" name=\"your-message\"><\/textarea><\/span> <\/label>\n<\/p>\n<p><input class=\"wpcf7-form-control wpcf7-submit has-spinner\" type=\"submit\" value=\"Trimite\" \/>\n<\/p><div class=\"wpcf7-response-output\" aria-hidden=\"true\"><\/div>\n<\/form>\n<\/div>\n<\/p>\n<\/div>\n<\/div>\n","protected":false},"excerpt":{"rendered":"<p>Bine a\u021bi venit la IPC La IPC, ne-am specializat \u00een fabricarea de vitrine frigorifice \u0219i dulapuri pentru b\u0103uturi de \u00eenalt\u0103 calitate. Oferim solu\u021bii personalizate pentru a r\u0103spunde nevoilor dvs. specifice. Descoperi\u021bi portofoliul nostru pentru a vedea produsele noastre Vitrin\u0103 frigorific\u0103 Descoperi\u021bi gama noastr\u0103 de vitrine frigorifice de \u00eenalt\u0103 calitate, ideale pentru p\u0103strarea produselor dvs. proaspete. [&hellip;]<\/p>\n","protected":false},"author":1,"featured_media":0,"parent":0,"menu_order":0,"comment_status":"closed","ping_status":"closed","template":"","meta":{"footnotes":""},"class_list":["post-2","page","type-page","status-publish","hentry"],"blocksy_meta":"","_links":{"self":[{"href":"https:\/\/ipcsrl.ro\/index.php\/wp-json\/wp\/v2\/pages\/2","targetHints":{"allow":["GET"]}}],"collection":[{"href":"https:\/\/ipcsrl.ro\/index.php\/wp-json\/wp\/v2\/pages"}],"about":[{"href":"https:\/\/ipcsrl.ro\/index.php\/wp-json\/wp\/v2\/types\/page"}],"author":[{"embeddable":true,"href":"https:\/\/ipcsrl.ro\/index.php\/wp-json\/wp\/v2\/users\/1"}],"replies":[{"embeddable":true,"href":"https:\/\/ipcsrl.ro\/index.php\/wp-json\/wp\/v2\/comments?post=2"}],"version-history":[{"count":19,"href":"https:\/\/ipcsrl.ro\/index.php\/wp-json\/wp\/v2\/pages\/2\/revisions"}],"predecessor-version":[{"id":46,"href":"https:\/\/ipcsrl.ro\/index.php\/wp-json\/wp\/v2\/pages\/2\/revisions\/46"}],"wp:attachment":[{"href":"https:\/\/ipcsrl.ro\/index.php\/wp-json\/wp\/v2\/media?parent=2"}],"curies":[{"name":"wp","href":"https:\/\/api.w.org\/{rel}","templated":true}]}}