{"id":30,"date":"2023-09-21T13:44:54","date_gmt":"2023-09-21T13:44:54","guid":{"rendered":"https:\/\/ipcsrl.ro\/?page_id=30"},"modified":"2023-09-21T13:49:36","modified_gmt":"2023-09-21T13:49:36","slug":"despre-noi","status":"publish","type":"page","link":"https:\/\/ipcsrl.ro\/index.php\/despre-noi\/","title":{"rendered":"Despre Noi"},"content":{"rendered":"\n<div class=\"wp-block-columns is-layout-flex wp-container-core-columns-is-layout-28f84493 wp-block-columns-is-layout-flex\">\n<div class=\"wp-block-column is-layout-flow wp-block-column-is-layout-flow\">\n<figure class=\"wp-block-image size-full\"><img loading=\"lazy\" decoding=\"async\" width=\"503\" height=\"467\" src=\"https:\/\/ipcsrl.ro\/wp-content\/uploads\/2023\/09\/photo-1682609277805-40d69c21f7a5.webp\" alt=\"\" class=\"wp-image-31\" srcset=\"https:\/\/ipcsrl.ro\/wp-content\/uploads\/2023\/09\/photo-1682609277805-40d69c21f7a5.webp 503w, https:\/\/ipcsrl.ro\/wp-content\/uploads\/2023\/09\/photo-1682609277805-40d69c21f7a5-300x279.webp 300w\" sizes=\"auto, (max-width: 503px) 100vw, 503px\" \/><\/figure>\n<\/div>\n\n\n\n<div class=\"wp-block-column is-layout-flow wp-block-column-is-layout-flow\">\n<h2 class=\"wp-block-heading\"><strong>Noi Suntem<\/strong><\/h2>\n\n\n\n<p><br>IPC este furnizorul dvs. de \u00eencredere pentru vitrine frigorifice \u0219i dulapuri pentru b\u0103uturi \u00een Bucure\u0219ti, Rom\u00e2nia. Ne specializ\u0103m \u00een furnizarea de solu\u021bii de calitate pentru a r\u0103spunde tuturor nevoilor dvs. \u00een materie de refrigerare comercial\u0103. Cu gama noastr\u0103 larg\u0103 de produse \u0219i angajamentul nostru fa\u021b\u0103 de satisfac\u021bia clientului, suntem m\u00e2ndri s\u0103 v\u0103 oferim solu\u021bii personalizate pentru afacerea dvs.<\/p>\n<\/div>\n<\/div>\n\n\n\n<p><\/p>\n\n\n\n<div class=\"wpcf7 no-js\" id=\"wpcf7-f36-o1\" lang=\"ro-RO\" dir=\"ltr\">\n<div class=\"screen-reader-response\"><p role=\"status\" aria-live=\"polite\" aria-atomic=\"true\"><\/p> <ul><\/ul><\/div>\n<form action=\"\/index.php\/wp-json\/wp\/v2\/pages\/30#wpcf7-f36-o1\" method=\"post\" class=\"wpcf7-form init\" aria-label=\"Formular de contact\" novalidate=\"novalidate\" data-status=\"init\">\n<div style=\"display: none;\">\n<input type=\"hidden\" name=\"_wpcf7\" value=\"36\" \/>\n<input type=\"hidden\" name=\"_wpcf7_version\" value=\"5.8\" \/>\n<input type=\"hidden\" name=\"_wpcf7_locale\" value=\"ro_RO\" \/>\n<input type=\"hidden\" name=\"_wpcf7_unit_tag\" value=\"wpcf7-f36-o1\" \/>\n<input type=\"hidden\" name=\"_wpcf7_container_post\" value=\"0\" \/>\n<input type=\"hidden\" name=\"_wpcf7_posted_data_hash\" value=\"\" \/>\n<\/div>\n<p><label> Numele t\u0103u<br \/>\n<span class=\"wpcf7-form-control-wrap\" data-name=\"your-name\"><input size=\"40\" class=\"wpcf7-form-control wpcf7-text wpcf7-validates-as-required\" autocomplete=\"name\" aria-required=\"true\" aria-invalid=\"false\" value=\"\" type=\"text\" name=\"your-name\" \/><\/span> <\/label>\n<\/p>\n<p><label> Adresa ta de email<br \/>\n<span class=\"wpcf7-form-control-wrap\" data-name=\"your-email\"><input size=\"40\" class=\"wpcf7-form-control wpcf7-email wpcf7-validates-as-required wpcf7-text wpcf7-validates-as-email\" autocomplete=\"email\" aria-required=\"true\" aria-invalid=\"false\" value=\"\" type=\"email\" name=\"your-email\" \/><\/span> <\/label>\n<\/p>\n<p><label> Subiect<br \/>\n<span class=\"wpcf7-form-control-wrap\" data-name=\"your-subject\"><input size=\"40\" class=\"wpcf7-form-control wpcf7-text wpcf7-validates-as-required\" aria-required=\"true\" aria-invalid=\"false\" value=\"\" type=\"text\" name=\"your-subject\" \/><\/span> <\/label>\n<\/p>\n<p><label> Mesajul t\u0103u (op\u021bional)<br \/>\n<span class=\"wpcf7-form-control-wrap\" data-name=\"your-message\"><textarea cols=\"40\" rows=\"10\" class=\"wpcf7-form-control wpcf7-textarea\" aria-invalid=\"false\" name=\"your-message\"><\/textarea><\/span> <\/label>\n<\/p>\n<p><input class=\"wpcf7-form-control wpcf7-submit has-spinner\" type=\"submit\" value=\"Trimite\" \/>\n<\/p><div class=\"wpcf7-response-output\" aria-hidden=\"true\"><\/div>\n<\/form>\n<\/div>\n\n","protected":false},"excerpt":{"rendered":"<p>Noi Suntem IPC este furnizorul dvs. de \u00eencredere pentru vitrine frigorifice \u0219i dulapuri pentru b\u0103uturi \u00een Bucure\u0219ti, Rom\u00e2nia. Ne specializ\u0103m \u00een furnizarea de solu\u021bii de calitate pentru a r\u0103spunde tuturor nevoilor dvs. \u00een materie de refrigerare comercial\u0103. Cu gama noastr\u0103 larg\u0103 de produse \u0219i angajamentul nostru fa\u021b\u0103 de satisfac\u021bia clientului, suntem m\u00e2ndri s\u0103 v\u0103 oferim [&hellip;]<\/p>\n","protected":false},"author":1,"featured_media":0,"parent":0,"menu_order":0,"comment_status":"closed","ping_status":"closed","template":"","meta":{"footnotes":""},"class_list":["post-30","page","type-page","status-publish","hentry"],"blocksy_meta":"","_links":{"self":[{"href":"https:\/\/ipcsrl.ro\/index.php\/wp-json\/wp\/v2\/pages\/30","targetHints":{"allow":["GET"]}}],"collection":[{"href":"https:\/\/ipcsrl.ro\/index.php\/wp-json\/wp\/v2\/pages"}],"about":[{"href":"https:\/\/ipcsrl.ro\/index.php\/wp-json\/wp\/v2\/types\/page"}],"author":[{"embeddable":true,"href":"https:\/\/ipcsrl.ro\/index.php\/wp-json\/wp\/v2\/users\/1"}],"replies":[{"embeddable":true,"href":"https:\/\/ipcsrl.ro\/index.php\/wp-json\/wp\/v2\/comments?post=30"}],"version-history":[{"count":2,"href":"https:\/\/ipcsrl.ro\/index.php\/wp-json\/wp\/v2\/pages\/30\/revisions"}],"predecessor-version":[{"id":37,"href":"https:\/\/ipcsrl.ro\/index.php\/wp-json\/wp\/v2\/pages\/30\/revisions\/37"}],"wp:attachment":[{"href":"https:\/\/ipcsrl.ro\/index.php\/wp-json\/wp\/v2\/media?parent=30"}],"curies":[{"name":"wp","href":"https:\/\/api.w.org\/{rel}","templated":true}]}}